{"id":1504,"date":"2023-09-22T19:39:17","date_gmt":"2023-09-22T17:39:17","guid":{"rendered":"https:\/\/carpfishingfrance.fr\/?page_id=1504"},"modified":"2023-09-22T19:46:21","modified_gmt":"2023-09-22T17:46:21","slug":"le-salagou","status":"publish","type":"page","link":"https:\/\/bardamu.fr\/carpfishingfrance\/mes-spots\/le-salagou\/","title":{"rendered":"Le Salagou"},"content":{"rendered":"<p>[et_pb_section fb_built=\u00a0\u00bb1&Prime; fullwidth=\u00a0\u00bbon\u00a0\u00bb _builder_version=\u00a0\u00bb4.21.0&Prime; _module_preset=\u00a0\u00bbdefault\u00a0\u00bb background_enable_video_mp4=\u00a0\u00bboff\u00a0\u00bb global_colors_info=\u00a0\u00bb{}\u00a0\u00bb][et_pb_fullwidth_header title=\u00a0\u00bbLe Salagou\u00a0\u00bb header_scroll_down=\u00a0\u00bbon\u00a0\u00bb background_overlay_color=\u00a0\u00bbrgba(0,0,0,0.36)\u00a0\u00bb _builder_version=\u00a0\u00bb4.21.0&Prime; _module_preset=\u00a0\u00bbdefault\u00a0\u00bb title_text_align=\u00a0\u00bbcenter\u00a0\u00bb content_font_size=\u00a0\u00bb22px\u00a0\u00bb background_video_mp4=\u00a0\u00bbhttps:\/\/bardamu.fr\/carpfishingfrance\/videos\/Lac-du-diable.mp4&Prime; custom_padding=\u00a0\u00bb210px||210px||true|false\u00a0\u00bb custom_padding_tablet=\u00a0\u00bb180px||180px||true|false\u00a0\u00bb custom_padding_phone=\u00a0\u00bb50px||50px||true|false\u00a0\u00bb custom_padding_last_edited=\u00a0\u00bbon|desktop\u00a0\u00bb hover_enabled=\u00a0\u00bb0&Prime; content_font_size_tablet=\u00a0\u00bb22px\u00a0\u00bb content_font_size_phone=\u00a0\u00bb15px\u00a0\u00bb content_font_size_last_edited=\u00a0\u00bbon|phone\u00a0\u00bb global_colors_info=\u00a0\u00bb{}\u00a0\u00bb sticky_enabled=\u00a0\u00bb0&Prime;]<\/p>\n<p>Le lac du Salagou, autrement appel\u00e9 le lac du Diable, est un lac de barrage de 750 ha situ\u00e9 dans l&rsquo;H\u00e9rault. Il atteint une profondeur d&rsquo;environ\u00a0<span class=\"nowrap\">50 m\u00e8tres<\/span>.<\/p>\n<p>[\/et_pb_fullwidth_header][\/et_pb_section][et_pb_section fb_built=\u00a0\u00bb1&Prime; _builder_version=\u00a0\u00bb4.16&Prime; _module_preset=\u00a0\u00bbdefault\u00a0\u00bb collapsed=\u00a0\u00bboff\u00a0\u00bb global_colors_info=\u00a0\u00bb{}\u00a0\u00bb][et_pb_row _builder_version=\u00a0\u00bb4.16&Prime; _module_preset=\u00a0\u00bbdefault\u00a0\u00bb global_colors_info=\u00a0\u00bb{}\u00a0\u00bb][et_pb_column type=\u00a0\u00bb4_4&Prime; _builder_version=\u00a0\u00bb4.16&Prime; _module_preset=\u00a0\u00bbdefault\u00a0\u00bb global_colors_info=\u00a0\u00bb{}\u00a0\u00bb][et_pb_blog fullwidth=\u00a0\u00bboff\u00a0\u00bb posts_number=\u00a0\u00bb18&Prime; include_categories=\u00a0\u00bb8&Prime; show_author=\u00a0\u00bboff\u00a0\u00bb show_date=\u00a0\u00bboff\u00a0\u00bb show_categories=\u00a0\u00bboff\u00a0\u00bb show_pagination=\u00a0\u00bboff\u00a0\u00bb _builder_version=\u00a0\u00bb4.21.0&Prime; _module_preset=\u00a0\u00bbdefault\u00a0\u00bb header_level=\u00a0\u00bbh4&Prime; box_shadow_style=\u00a0\u00bbpreset1&Prime; global_colors_info=\u00a0\u00bb{}\u00a0\u00bb][\/et_pb_blog][\/et_pb_column][\/et_pb_row][\/et_pb_section][et_pb_section fb_built=\u00a0\u00bb1&Prime; fullwidth=\u00a0\u00bbon\u00a0\u00bb _builder_version=\u00a0\u00bb4.16&Prime; _module_preset=\u00a0\u00bbdefault\u00a0\u00bb global_colors_info=\u00a0\u00bb{}\u00a0\u00bb][et_pb_fullwidth_map address=\u00a0\u00bbLac du Salagou, France\u00a0\u00bb zoom_level=\u00a0\u00bb13&Prime; address_lat=\u00a0\u00bb43.6502211&Prime; address_lng=\u00a0\u00bb3.3741647&Prime; _builder_version=\u00a0\u00bb4.21.0&Prime; _module_preset=\u00a0\u00bbdefault\u00a0\u00bb global_colors_info=\u00a0\u00bb{}\u00a0\u00bb][\/et_pb_fullwidth_map][\/et_pb_section]<\/p>\n","protected":false},"excerpt":{"rendered":"<p>Le lac du Salagou, autrement appel\u00e9 le lac du Diable, est un lac de barrage de 750 ha situ\u00e9 dans l&rsquo;H\u00e9rault. Il atteint une profondeur d&rsquo;environ\u00a050 m\u00e8tres.<\/p>\n","protected":false},"author":1,"featured_media":0,"parent":50,"menu_order":0,"comment_status":"closed","ping_status":"closed","template":"","meta":{"_et_pb_use_builder":"on","_et_pb_old_content":"","_et_gb_content_width":"","footnotes":""},"class_list":["post-1504","page","type-page","status-publish","hentry"],"_links":{"self":[{"href":"https:\/\/bardamu.fr\/carpfishingfrance\/wp-json\/wp\/v2\/pages\/1504","targetHints":{"allow":["GET"]}}],"collection":[{"href":"https:\/\/bardamu.fr\/carpfishingfrance\/wp-json\/wp\/v2\/pages"}],"about":[{"href":"https:\/\/bardamu.fr\/carpfishingfrance\/wp-json\/wp\/v2\/types\/page"}],"author":[{"embeddable":true,"href":"https:\/\/bardamu.fr\/carpfishingfrance\/wp-json\/wp\/v2\/users\/1"}],"replies":[{"embeddable":true,"href":"https:\/\/bardamu.fr\/carpfishingfrance\/wp-json\/wp\/v2\/comments?post=1504"}],"version-history":[{"count":6,"href":"https:\/\/bardamu.fr\/carpfishingfrance\/wp-json\/wp\/v2\/pages\/1504\/revisions"}],"predecessor-version":[{"id":1514,"href":"https:\/\/bardamu.fr\/carpfishingfrance\/wp-json\/wp\/v2\/pages\/1504\/revisions\/1514"}],"up":[{"embeddable":true,"href":"https:\/\/bardamu.fr\/carpfishingfrance\/wp-json\/wp\/v2\/pages\/50"}],"wp:attachment":[{"href":"https:\/\/bardamu.fr\/carpfishingfrance\/wp-json\/wp\/v2\/media?parent=1504"}],"curies":[{"name":"wp","href":"https:\/\/api.w.org\/{rel}","templated":true}]}}