{"id":1528,"date":"2023-10-20T12:05:42","date_gmt":"2023-10-20T10:05:42","guid":{"rendered":"https:\/\/carpfishingfrance.fr\/?page_id=1528"},"modified":"2023-10-20T12:26:07","modified_gmt":"2023-10-20T10:26:07","slug":"le-lac-de-grandval","status":"publish","type":"page","link":"https:\/\/bardamu.fr\/carpfishingfrance\/mes-spots\/le-lac-de-grandval\/","title":{"rendered":"Le lac de Grandval"},"content":{"rendered":"<p>[et_pb_section fb_built=\u00a0\u00bb1&Prime; fullwidth=\u00a0\u00bbon\u00a0\u00bb _builder_version=\u00a0\u00bb4.21.0&Prime; _module_preset=\u00a0\u00bbdefault\u00a0\u00bb background_enable_video_mp4=\u00a0\u00bboff\u00a0\u00bb global_colors_info=\u00a0\u00bb{}\u00a0\u00bb][et_pb_fullwidth_header title=\u00a0\u00bbLe lac de Grandval\u00a0\u00bb header_scroll_down=\u00a0\u00bbon\u00a0\u00bb background_overlay_color=\u00a0\u00bbrgba(0,0,0,0.36)\u00a0\u00bb _builder_version=\u00a0\u00bb4.21.0&Prime; _module_preset=\u00a0\u00bbdefault\u00a0\u00bb title_text_align=\u00a0\u00bbcenter\u00a0\u00bb content_font_size=\u00a0\u00bb22px\u00a0\u00bb background_video_mp4=\u00a0\u00bbhttps:\/\/bardamu.fr\/carpfishingfrance\/wp-content\/uploads\/2023\/09\/lac-grandval.mp4&Prime; custom_padding=\u00a0\u00bb210px||210px||true|false\u00a0\u00bb custom_padding_tablet=\u00a0\u00bb180px||180px||true|false\u00a0\u00bb custom_padding_phone=\u00a0\u00bb50px||50px||true|false\u00a0\u00bb custom_padding_last_edited=\u00a0\u00bbon|desktop\u00a0\u00bb content_font_size_tablet=\u00a0\u00bb22px\u00a0\u00bb content_font_size_phone=\u00a0\u00bb15px\u00a0\u00bb content_font_size_last_edited=\u00a0\u00bbon|phone\u00a0\u00bb global_colors_info=\u00a0\u00bb{}\u00a0\u00bb]<\/p>\n<p>Lac de barrage situ\u00e9 dans les gorges de la Truy\u00e8re et surplomb\u00e9 par le c\u00e9l\u00e8bre viaduc de Garabit.<br \/>Il a une superficie de 1100 ha\u00a0 pour 28 km de long.<br \/>Paradis des p\u00eacheurs de carnassiers, ce lac m\u00e9rite d\u2019\u00eatre plus connu qu\u2019il ne l\u2019est, \u00e0 la hauteur de sa beaut\u00e9 et de sa population de carpes.<\/p>\n<p>[\/et_pb_fullwidth_header][\/et_pb_section][et_pb_section fb_built=\u00a0\u00bb1&Prime; _builder_version=\u00a0\u00bb4.16&Prime; _module_preset=\u00a0\u00bbdefault\u00a0\u00bb collapsed=\u00a0\u00bboff\u00a0\u00bb global_colors_info=\u00a0\u00bb{}\u00a0\u00bb][et_pb_row column_structure=\u00a0\u00bb1_2,1_2&Prime; use_custom_gutter=\u00a0\u00bbon\u00a0\u00bb gutter_width=\u00a0\u00bb2&Prime; _builder_version=\u00a0\u00bb4.21.0&Prime; _module_preset=\u00a0\u00bbdefault\u00a0\u00bb width=\u00a0\u00bb100%\u00a0\u00bb max_width=\u00a0\u00bb1300px\u00a0\u00bb module_alignment=\u00a0\u00bbcenter\u00a0\u00bb custom_margin=\u00a0\u00bb0px||||false|false\u00a0\u00bb custom_padding=\u00a0\u00bb0px||||false|false\u00a0\u00bb global_colors_info=\u00a0\u00bb{}\u00a0\u00bb][et_pb_column type=\u00a0\u00bb1_2&Prime; _builder_version=\u00a0\u00bb4.18.0&Prime; _module_preset=\u00a0\u00bbdefault\u00a0\u00bb global_colors_info=\u00a0\u00bb{}\u00a0\u00bb][et_pb_video src=\u00a0\u00bbhttps:\/\/www.youtube.com\/watch?v=XrTpgxfWaZY\u00a0\u00bb _builder_version=\u00a0\u00bb4.21.0&Prime; _module_preset=\u00a0\u00bbdefault\u00a0\u00bb global_colors_info=\u00a0\u00bb{}\u00a0\u00bb][\/et_pb_video][\/et_pb_column][et_pb_column type=\u00a0\u00bb1_2&Prime; _builder_version=\u00a0\u00bb4.18.0&Prime; _module_preset=\u00a0\u00bbdefault\u00a0\u00bb global_colors_info=\u00a0\u00bb{}\u00a0\u00bb][et_pb_video src=\u00a0\u00bbhttps:\/\/bardamu.fr\/carpfishingfrance\/wp-content\/uploads\/2023\/09\/lac-grandval.mp4&Prime; _builder_version=\u00a0\u00bb4.21.0&Prime; _module_preset=\u00a0\u00bbdefault\u00a0\u00bb global_colors_info=\u00a0\u00bb{}\u00a0\u00bb][\/et_pb_video][\/et_pb_column][\/et_pb_row][et_pb_row _builder_version=\u00a0\u00bb4.16&Prime; _module_preset=\u00a0\u00bbdefault\u00a0\u00bb global_colors_info=\u00a0\u00bb{}\u00a0\u00bb][et_pb_column type=\u00a0\u00bb4_4&Prime; _builder_version=\u00a0\u00bb4.16&Prime; _module_preset=\u00a0\u00bbdefault\u00a0\u00bb global_colors_info=\u00a0\u00bb{}\u00a0\u00bb][et_pb_text _builder_version=\u00a0\u00bb4.21.0&Prime; _module_preset=\u00a0\u00bbdefault\u00a0\u00bb custom_margin=\u00a0\u00bb||0px||false|false\u00a0\u00bb custom_padding=\u00a0\u00bb||0px||false|false\u00a0\u00bb header_2_font_size_tablet=\u00a0\u00bb\u00a0\u00bb header_2_font_size_phone=\u00a0\u00bb30px\u00a0\u00bb header_2_font_size_last_edited=\u00a0\u00bbon|phone\u00a0\u00bb global_colors_info=\u00a0\u00bb{}\u00a0\u00bb]<\/p>\n<h2>Blog<\/h2>\n<p>[\/et_pb_text][et_pb_divider _builder_version=\u00a0\u00bb4.21.0&Prime; _module_preset=\u00a0\u00bbdefault\u00a0\u00bb global_colors_info=\u00a0\u00bb{}\u00a0\u00bb][\/et_pb_divider][et_pb_blog fullwidth=\u00a0\u00bboff\u00a0\u00bb posts_number=\u00a0\u00bb3&Prime; include_categories=\u00a0\u00bb14&Prime; show_author=\u00a0\u00bboff\u00a0\u00bb show_date=\u00a0\u00bboff\u00a0\u00bb show_categories=\u00a0\u00bboff\u00a0\u00bb show_pagination=\u00a0\u00bboff\u00a0\u00bb _builder_version=\u00a0\u00bb4.21.0&Prime; _module_preset=\u00a0\u00bbdefault\u00a0\u00bb header_level=\u00a0\u00bbh4&Prime; header_line_height=\u00a0\u00bb1.2em\u00a0\u00bb body_line_height=\u00a0\u00bb1.4em\u00a0\u00bb box_shadow_style=\u00a0\u00bbpreset1&Prime; global_colors_info=\u00a0\u00bb{}\u00a0\u00bb][\/et_pb_blog][\/et_pb_column][\/et_pb_row][\/et_pb_section][et_pb_section fb_built=\u00a0\u00bb1&Prime; fullwidth=\u00a0\u00bbon\u00a0\u00bb _builder_version=\u00a0\u00bb4.16&Prime; _module_preset=\u00a0\u00bbdefault\u00a0\u00bb global_colors_info=\u00a0\u00bb{}\u00a0\u00bb][et_pb_fullwidth_map address=\u00a0\u00bbLac de Grandval, 15320 Val-d&rsquo;Arcomie, France\u00a0\u00bb zoom_level=\u00a0\u00bb13&Prime; address_lat=\u00a0\u00bb44.933333&Prime; address_lng=\u00a0\u00bb3.1&Prime; _builder_version=\u00a0\u00bb4.21.0&Prime; _module_preset=\u00a0\u00bbdefault\u00a0\u00bb global_colors_info=\u00a0\u00bb{}\u00a0\u00bb][\/et_pb_fullwidth_map][\/et_pb_section]<\/p>\n","protected":false},"excerpt":{"rendered":"<p>Lac de barrage situ\u00e9 dans les gorges de la Truy\u00e8re et surplomb\u00e9 par le c\u00e9l\u00e8bre viaduc de Garabit.Il a une superficie de 1100 ha\u00a0 pour 28 km de long.Paradis des p\u00eacheurs de carnassiers, ce lac m\u00e9rite d\u2019\u00eatre plus connu qu\u2019il ne l\u2019est, \u00e0 la hauteur de sa beaut\u00e9 et de sa population de carpes.Blog<\/p>\n","protected":false},"author":1,"featured_media":0,"parent":50,"menu_order":0,"comment_status":"closed","ping_status":"closed","template":"","meta":{"_et_pb_use_builder":"on","_et_pb_old_content":"","_et_gb_content_width":"","footnotes":""},"class_list":["post-1528","page","type-page","status-publish","hentry"],"_links":{"self":[{"href":"https:\/\/bardamu.fr\/carpfishingfrance\/wp-json\/wp\/v2\/pages\/1528","targetHints":{"allow":["GET"]}}],"collection":[{"href":"https:\/\/bardamu.fr\/carpfishingfrance\/wp-json\/wp\/v2\/pages"}],"about":[{"href":"https:\/\/bardamu.fr\/carpfishingfrance\/wp-json\/wp\/v2\/types\/page"}],"author":[{"embeddable":true,"href":"https:\/\/bardamu.fr\/carpfishingfrance\/wp-json\/wp\/v2\/users\/1"}],"replies":[{"embeddable":true,"href":"https:\/\/bardamu.fr\/carpfishingfrance\/wp-json\/wp\/v2\/comments?post=1528"}],"version-history":[{"count":8,"href":"https:\/\/bardamu.fr\/carpfishingfrance\/wp-json\/wp\/v2\/pages\/1528\/revisions"}],"predecessor-version":[{"id":1545,"href":"https:\/\/bardamu.fr\/carpfishingfrance\/wp-json\/wp\/v2\/pages\/1528\/revisions\/1545"}],"up":[{"embeddable":true,"href":"https:\/\/bardamu.fr\/carpfishingfrance\/wp-json\/wp\/v2\/pages\/50"}],"wp:attachment":[{"href":"https:\/\/bardamu.fr\/carpfishingfrance\/wp-json\/wp\/v2\/media?parent=1528"}],"curies":[{"name":"wp","href":"https:\/\/api.w.org\/{rel}","templated":true}]}}